{"id":11570,"date":"2022-09-13T10:02:07","date_gmt":"2022-09-13T08:02:07","guid":{"rendered":"https:\/\/epicexamprep.com\/dichiarazione-di-non-responsabilita\/"},"modified":"2024-02-11T22:01:40","modified_gmt":"2024-02-11T21:01:40","slug":"dichiarazione-di-non-responsabilita","status":"publish","type":"page","link":"https:\/\/epicexamprep.com\/it\/dichiarazione-di-non-responsabilita\/","title":{"rendered":"Dichiarazione di non responsabilit\u00e0"},"content":{"rendered":"\t\t<div data-elementor-type=\"wp-page\" data-elementor-id=\"11570\" class=\"elementor elementor-11570 elementor-5120\" data-elementor-post-type=\"page\">\n\t\t\t\t\t\t<section class=\"elementor-section elementor-top-section elementor-element elementor-element-272702a elementor-section-boxed elementor-section-height-default elementor-section-height-default\" data-id=\"272702a\" data-element_type=\"section\">\n\t\t\t\t\t\t<div class=\"elementor-container elementor-column-gap-default\">\n\t\t\t\t\t<div class=\"elementor-column elementor-col-100 elementor-top-column elementor-element elementor-element-7c44f96\" data-id=\"7c44f96\" data-element_type=\"column\">\n\t\t\t<div class=\"elementor-widget-wrap elementor-element-populated\">\n\t\t\t\t\t\t<div class=\"elementor-element elementor-element-8243bdb elementor-widget elementor-widget-heading\" data-id=\"8243bdb\" data-element_type=\"widget\" data-widget_type=\"heading.default\">\n\t\t\t\t\t<h2 class=\"elementor-heading-title elementor-size-default\">DISCLAIMER<\/h2>\t\t\t\t<\/div>\n\t\t\t\t<div class=\"elementor-element elementor-element-26196b8 elementor-widget elementor-widget-text-editor\" data-id=\"26196b8\" data-element_type=\"widget\" data-widget_type=\"text-editor.default\">\n\t\t\t\t\t\t\t\t\t<ul><li><b>TOEFL\u00ae e TOEFL IBT\u00ae<\/b> sono marchi registrati di Educational Testing Service (ETS)\u00ae. Questo prodotto non \u00e8 appoggiato o approvato da ETS.<\/li><li><strong>IELTS<\/strong>\u00ae \u00e8 un marchio registrato di the University of Cambridge ESOL, the British Council, and IDP Education Australia. Questo prodotto non \u00e8 supportato n\u00e9 approvato da IELTS.<\/li><li><b>SAT\u00ae<\/b> \u00e8 un marchio registrato del College Board, che non \u00e8 affiliato o appoggiato da questo sito.<\/li><li><b>ACT\u00ae<\/b> \u00e8 un marchio registrato di ACT, Inc. che non \u00e8 affiliato o appoggiato da questo sito.<\/li><li><b>DUOLINGO\u00ae e DUOLINGO ENGLISH TEST\u00ae<\/b> sono marchi registrati di Duolingo, Inc. Questo prodotto non \u00e8 appoggiato o approvato da Duolingo, Inc.<\/li><li><b>GED\u00ae<\/b> \u00e8 un marchio registrato dell&#8217;American Council on Education (ACE) ed \u00e8 amministrato esclusivamente da GED Testing Service LLC su licenza. Questo materiale non \u00e8 appoggiato o approvato dall&#8217;ACE o dal GED Testing Service.<\/li><li><b>GRE\u00ae <\/b>e\u00a0<strong>Graduate Record Examinations<\/strong>\u00ae sono marchi registrati di Educational Testing Service (ETS)\u00ae. Questo prodotto non \u00e8 supportato n\u00e9 approvato da ETS.<\/li><li>Il <strong>IB<\/strong>\u00ae,\u00a0<strong>International Baccalaureate<\/strong>\u00ae, e <strong>Bachillerato Internacional<\/strong>\u00ae sono marchi registrati dell&#8217;International Baccalaureate Organization\u00ae. Questo prodotto non \u00e8 supportato n\u00e9 approvato dall&#8217;International Baccalaureate Organization.<\/li><\/ul>\t\t\t\t\t\t\t\t<\/div>\n\t\t\t\t\t<\/div>\n\t\t<\/div>\n\t\t\t\t\t<\/div>\n\t\t<\/section>\n\t\t\t\t<\/div>\n\t\t","protected":false},"excerpt":{"rendered":"<p>DISCLAIMER TOEFL\u00ae e TOEFL IBT\u00ae sono marchi registrati di Educational Testing Service (ETS)\u00ae. Questo prodotto non \u00e8 appoggiato o approvato da ETS. IELTS\u00ae \u00e8 un marchio registrato di the University of Cambridge ESOL, the British Council, and IDP Education Australia. Questo prodotto non \u00e8 supportato n\u00e9 approvato da IELTS. SAT\u00ae \u00e8 un marchio registrato del [&hellip;]<\/p>\n","protected":false},"author":5,"featured_media":0,"parent":0,"menu_order":0,"comment_status":"closed","ping_status":"closed","template":"","meta":{"footnotes":""},"class_list":["post-11570","page","type-page","status-publish","hentry"],"yoast_head":"<!-- This site is optimized with the Yoast SEO plugin v26.8 - https:\/\/yoast.com\/product\/yoast-seo-wordpress\/ -->\n<title>\u25b7Dichiarazione di non responsabilit\u00e0 - \u3010EPIC PREP\u3011<\/title>\n<meta name=\"description\" content=\"\u2713\" \/>\n<meta name=\"robots\" content=\"index, follow, max-snippet:-1, max-image-preview:large, max-video-preview:-1\" \/>\n<link rel=\"canonical\" href=\"https:\/\/epicexamprep.com\/aviso-legal-2\/\" \/>\n<meta property=\"og:locale\" content=\"it_IT\" \/>\n<meta property=\"og:type\" content=\"article\" \/>\n<meta property=\"og:title\" content=\"\u25b7Dichiarazione di non responsabilit\u00e0 - \u3010EPIC PREP\u3011\" \/>\n<meta property=\"og:description\" content=\"\u2713\" \/>\n<meta property=\"og:url\" content=\"https:\/\/epicexamprep.com\/aviso-legal-2\/\" \/>\n<meta property=\"og:site_name\" content=\"EPIC PREP\" \/>\n<meta property=\"article:modified_time\" content=\"2024-02-11T21:01:40+00:00\" \/>\n<meta name=\"twitter:card\" content=\"summary_large_image\" \/>\n<meta name=\"twitter:label1\" content=\"Tempo di lettura stimato\" \/>\n\t<meta name=\"twitter:data1\" content=\"1 minuto\" \/>\n<!-- \/ Yoast SEO plugin. -->","yoast_head_json":{"title":"\u25b7Dichiarazione di non responsabilit\u00e0 - \u3010EPIC PREP\u3011","description":"\u2713","robots":{"index":"index","follow":"follow","max-snippet":"max-snippet:-1","max-image-preview":"max-image-preview:large","max-video-preview":"max-video-preview:-1"},"canonical":"https:\/\/epicexamprep.com\/aviso-legal-2\/","og_locale":"it_IT","og_type":"article","og_title":"\u25b7Dichiarazione di non responsabilit\u00e0 - \u3010EPIC PREP\u3011","og_description":"\u2713","og_url":"https:\/\/epicexamprep.com\/aviso-legal-2\/","og_site_name":"EPIC PREP","article_modified_time":"2024-02-11T21:01:40+00:00","twitter_card":"summary_large_image","twitter_misc":{"Tempo di lettura stimato":"1 minuto"},"schema":{"@context":"https:\/\/schema.org","@graph":[{"@type":"WebPage","@id":"https:\/\/epicexamprep.com\/aviso-legal-2\/","url":"https:\/\/epicexamprep.com\/aviso-legal-2\/","name":"\u25b7Dichiarazione di non responsabilit\u00e0 - \u3010EPIC PREP\u3011","isPartOf":{"@id":"https:\/\/epicexamprep.com\/#website"},"datePublished":"2022-09-13T08:02:07+00:00","dateModified":"2024-02-11T21:01:40+00:00","description":"\u2713","breadcrumb":{"@id":"https:\/\/epicexamprep.com\/aviso-legal-2\/#breadcrumb"},"inLanguage":"it-IT","potentialAction":[{"@type":"ReadAction","target":["https:\/\/epicexamprep.com\/aviso-legal-2\/"]}]},{"@type":"BreadcrumbList","@id":"https:\/\/epicexamprep.com\/aviso-legal-2\/#breadcrumb","itemListElement":[{"@type":"ListItem","position":1,"name":"Portada","item":"https:\/\/epicexamprep.com\/es\/"},{"@type":"ListItem","position":2,"name":"Dichiarazione di non responsabilit\u00e0"}]},{"@type":"WebSite","@id":"https:\/\/epicexamprep.com\/#website","url":"https:\/\/epicexamprep.com\/","name":"EPIC PREP","description":"Comprometidos con tus objetivos","publisher":{"@id":"https:\/\/epicexamprep.com\/#organization"},"potentialAction":[{"@type":"SearchAction","target":{"@type":"EntryPoint","urlTemplate":"https:\/\/epicexamprep.com\/?s={search_term_string}"},"query-input":{"@type":"PropertyValueSpecification","valueRequired":true,"valueName":"search_term_string"}}],"inLanguage":"it-IT"},{"@type":"Organization","@id":"https:\/\/epicexamprep.com\/#organization","name":"EPIC PREP","url":"https:\/\/epicexamprep.com\/","logo":{"@type":"ImageObject","inLanguage":"it-IT","@id":"https:\/\/epicexamprep.com\/#\/schema\/logo\/image\/","url":"https:\/\/epicexamprep.com\/wp-content\/uploads\/2023\/02\/EPIC_LOGO_COLOR-1.svg","contentUrl":"https:\/\/epicexamprep.com\/wp-content\/uploads\/2023\/02\/EPIC_LOGO_COLOR-1.svg","width":1,"height":1,"caption":"EPIC PREP"},"image":{"@id":"https:\/\/epicexamprep.com\/#\/schema\/logo\/image\/"}}]}},"_links":{"self":[{"href":"https:\/\/epicexamprep.com\/it\/wp-json\/wp\/v2\/pages\/11570","targetHints":{"allow":["GET"]}}],"collection":[{"href":"https:\/\/epicexamprep.com\/it\/wp-json\/wp\/v2\/pages"}],"about":[{"href":"https:\/\/epicexamprep.com\/it\/wp-json\/wp\/v2\/types\/page"}],"author":[{"embeddable":true,"href":"https:\/\/epicexamprep.com\/it\/wp-json\/wp\/v2\/users\/5"}],"replies":[{"embeddable":true,"href":"https:\/\/epicexamprep.com\/it\/wp-json\/wp\/v2\/comments?post=11570"}],"version-history":[{"count":0,"href":"https:\/\/epicexamprep.com\/it\/wp-json\/wp\/v2\/pages\/11570\/revisions"}],"wp:attachment":[{"href":"https:\/\/epicexamprep.com\/it\/wp-json\/wp\/v2\/media?parent=11570"}],"curies":[{"name":"wp","href":"https:\/\/api.w.org\/{rel}","templated":true}]}}