{"id":26330,"date":"2021-10-14T15:46:36","date_gmt":"2021-10-14T13:46:36","guid":{"rendered":"https:\/\/epicexamprep.com\/datenschutzbestimmungen\/"},"modified":"2025-12-04T14:04:31","modified_gmt":"2025-12-04T13:04:31","slug":"datenschutzbestimmungen","status":"publish","type":"page","link":"https:\/\/epicexamprep.com\/de\/datenschutzbestimmungen\/","title":{"rendered":"Datenschutzbestimmungen"},"content":{"rendered":"\t\t<div data-elementor-type=\"wp-page\" data-elementor-id=\"26330\" class=\"elementor elementor-26330 elementor-38\" data-elementor-post-type=\"page\">\n\t\t\t\t<div class=\"elementor-element elementor-element-1d2e14a e-flex e-con-boxed e-con e-parent\" data-id=\"1d2e14a\" data-element_type=\"container\">\n\t\t\t\t\t<div class=\"e-con-inner\">\n\t\t\t\t<div class=\"elementor-element elementor-element-65771d8 elementor-widget elementor-widget-heading\" data-id=\"65771d8\" data-element_type=\"widget\" data-widget_type=\"heading.default\">\n\t\t\t\t\t<h2 class=\"elementor-heading-title elementor-size-default\">DATENSCHUTZPOLITIK<\/h2>\t\t\t\t<\/div>\n\t\t\t\t<div class=\"elementor-element elementor-element-2edd17e elementor-widget elementor-widget-text-editor\" data-id=\"2edd17e\" data-element_type=\"widget\" data-widget_type=\"text-editor.default\">\n\t\t\t\t\t\t\t\t\t<p>Wenn Sie hier sind, dann deshalb, weil Sie mehr \u00fcber die Pflichten und Rechte wissen m\u00f6chten, die Ihnen als Nutzer dieser Website zustehen <a href=\"https:\/\/epicexamprep.com\/en\/\"><strong>epicexamprep.com<\/strong><\/a> und das ist sehr gut so. Es ist unsere Pflicht, Sie zu informieren, und Ihre, ordnungsgem\u00e4\u00df informiert zu werden. <\/p>\n<p>In dieser Datenschutzerkl\u00e4rung informieren wir Sie in aller Transparenz \u00fcber den Zweck dieser Website und alles, was die Daten betrifft, die Sie uns zur Verf\u00fcgung stellen, sowie \u00fcber die Pflichten und Rechte, die Ihnen zustehen.<\/p>\n<p>Zun\u00e4chst sollten Sie wissen, dass sich diese Website an die geltenden Datenschutzbestimmungen anpasst. Dies betrifft die pers\u00f6nlichen Daten, die Sie uns mit Ihrer ausdr\u00fccklichen Zustimmung zur Verf\u00fcgung stellen, sowie die Cookies, die wir verwenden, damit diese Website korrekt funktioniert und ihre T\u00e4tigkeit aus\u00fcben kann.<\/p>\n<p>Insbesondere entspricht diese Website den folgenden Bestimmungen:<\/p>\n<p>Die <b>RGPD <\/b> (<b>Verordnung (EU) 2016\/679 des Europ\u00e4ischen Parlaments und des Rates vom 27. April 2016 zum Schutz nat\u00fcrlicher Personen<\/b>) ist die neue Verordnung der Europ\u00e4ischen Union, die die Verarbeitung personenbezogener Daten in den verschiedenen EU-L\u00e4ndern einheitlich regelt.<\/p>\n<p>Das <b>LOPD <\/b> (<b>Organgesetz 15\/1999 vom 13. Dezember \u00fcber den Schutz personenbezogener Daten <\/b> und das <b>K\u00f6nigliche Dekret 1720\/2007 vom 21. Dezember \u00fcber die Entwicklung des LOPD<\/b>) regelt die Verarbeitung personenbezogener Daten und die Verpflichtungen, die die Verantwortlichen einer Website oder eines Blogs bei der Verwaltung dieser Informationen \u00fcbernehmen m\u00fcssen.<\/p>\n<p>Das <b>LSSI <\/b> (<b>Gesetz 34\/2002 vom 11. Juli \u00fcber die Dienste der Informationsgesellschaft und den elektronischen Handel<\/b>), das die wirtschaftlichen Transaktionen auf elektronischem Wege regelt, wie es auch bei diesem Blog der Fall ist.<\/p>\n<p><b>IDENTIFIKATIONSDATEN<\/b><\/p>\n<p>Der Verantwortliche und Eigent\u00fcmer dieser Website ist <strong>EPIC Education <\/strong> <\/p>\n<ul>\n<li><b>Name:<\/b> EPIC EDUCATION, SLU<\/li>\n<li><b>Steuer-Nr.: <\/b> L-717539-S<\/li>\n<li><b>Eingetragener Firmensitz:<\/b> Callaueta 8, 1. 3., AD500 Andorra la Vella, Adorra<\/li>\n<li>Website-Aktivit\u00e4ten: Verbreitung von Inhalten in Bezug auf <strong><b><a href=\"https:\/\/epicexamprep.com\/de\/\">epicexamprep.com<\/a><\/b><\/strong>, Anzeige von Werbung und Empfehlung von Partnerprodukten.<\/li>\n<li><b>E-Mail:<\/b> <a href=\"mailto:info@epicexamprep.com\" target=\"_blank\" rel=\"noopener\"><span class=\"elementor-icon-list-text\">info@epicexamprep.com<\/span><\/a><\/li>\n<\/ul>\n<p>Die Daten, die Sie uns mit Ihrem Einverst\u00e4ndnis und in \u00dcbereinstimmung mit der in unserer Datenschutzrichtlinie festgelegten Verwendung zur Verf\u00fcgung stellen, werden in eine automatisierte Datei aufgenommen, die ordnungsgem\u00e4\u00df bei der spanischen Datenschutzbeh\u00f6rde registriert ist: <strong>Epic Education, SLU<\/strong><b>. <\/b> Dies bedeutet, dass Ihre Daten in \u00dcbereinstimmung mit den gesetzlichen Bestimmungen sicher sind.<\/p>\n<p>Die pers\u00f6nlichen Daten, die Sie uns &#8211; immer mit Ihrer ausdr\u00fccklichen Zustimmung &#8211; zur Verf\u00fcgung stellen, werden f\u00fcr die vorgesehenen und unten in dieser Datenschutzrichtlinie beschriebenen Zwecke gespeichert und verarbeitet, bis Sie uns bitten, sie zu l\u00f6schen.  <b><\/b><\/p>\n<p>Wir informieren Sie dar\u00fcber, dass diese Datenschutzerkl\u00e4rung jederzeit ge\u00e4ndert werden kann, um sie an die Entwicklung der Gesetzgebung oder an \u00c4nderungen unserer Aktivit\u00e4ten anzupassen, wobei die jeweils auf der Website ver\u00f6ffentlichte Version g\u00fcltig ist. Diese \u00c4nderung wird Ihnen vor ihrer Anwendung mitgeteilt.   <\/p>\n<p><b>VERWENDUNGSBEDINGUNGEN<\/b><\/p>\n<p>Zu Ihrer Beruhigung sollten Sie wissen, dass wir Sie immer um Ihre ausdr\u00fcckliche Zustimmung zur Erfassung Ihrer Daten f\u00fcr den jeweils angegebenen Zweck bitten werden. Wenn Sie diese Zustimmung erteilen, bedeutet dies, dass Sie diese Datenschutzrichtlinie gelesen und akzeptiert haben.  <b><\/b><\/p>\n<p>Wenn Sie auf diese Website zugreifen und sie nutzen, nehmen Sie Ihren Status als Nutzer mit den entsprechenden Rechten und Pflichten an.<\/p>\n<p>Wenn Sie \u00fcber 13 Jahre alt sind, k\u00f6nnen Sie sich ohne die vorherige Zustimmung Ihrer Eltern oder Erziehungsberechtigten als Benutzer auf dieser Website registrieren.<\/p>\n<p>Wenn Sie unter 13 Jahre alt sind, ben\u00f6tigen Sie die Zustimmung Ihrer Eltern oder Erziehungsberechtigten f\u00fcr die Verarbeitung Ihrer personenbezogenen Daten.<\/p>\n<p><b>REGISTRIERUNG UND ZWECK IHRER DATEN<\/b><\/p>\n<p>Je nachdem, auf welches Formular oder welchen Bereich Sie zugreifen, fragen wir nur die Daten ab, die f\u00fcr die unten beschriebenen Zwecke erforderlich sind. Sie m\u00fcssen jederzeit Ihre ausdr\u00fcckliche Zustimmung geben, wenn wir personenbezogene Daten f\u00fcr die folgenden Zwecke anfordern:   <\/p>\n<ul>\n<li>Die spezifischen Zwecke, die auf den einzelnen Seiten oder Abschnitten, auf denen das Registrierungs- oder elektronische Kontaktformular erscheint, besonders angegeben sind.<\/li>\n<li>Im Allgemeinen, um auf Ihre W\u00fcnsche, Kommentare, Fragen oder jede Art von Anfrage zu antworten, die Sie als Nutzer \u00fcber eines der Kontaktformulare, die wir Ihnen zur Verf\u00fcgung stellen, stellen.<\/li>\n<li>Um Sie \u00fcber Anfragen, W\u00fcnsche, Aktivit\u00e4ten, Produkte, Neuigkeiten und\/oder Dienstleistungen zu informieren; per E-Mail, Fax, Whatsapp, Skype, Telefon, SMS und MMS.<\/li>\n<li>Um Ihnen kommerzielle oder werbliche Mitteilungen \u00fcber jedes andere elektronische oder physische Mittel zukommen zu lassen, das die Kommunikation erm\u00f6glicht.<\/li>\n<\/ul>\n<p>Diese Mitteilungen beziehen sich immer auf unsere Produkte, Dienstleistungen, Neuigkeiten oder Werbeaktionen sowie auf Produkte oder Dienstleistungen, die wir als interessant f\u00fcr Sie erachten und die von Mitarbeitern, Unternehmen oder &#8222;Partnern&#8220; angeboten werden, mit denen wir Werbe- oder kommerzielle Kooperationsvereinbarungen unterhalten.<\/p>\n<p>Wenn dies der Fall ist, garantieren wir Ihnen, dass diese Dritten niemals Zugang zu Ihren pers\u00f6nlichen Daten haben werden, mit den unten aufgef\u00fchrten Ausnahmen, wobei diese Mitteilungen in jedem Fall von <strong>Epic Education, SLU<\/strong>, <b> als Eigent\u00fcmer der Website<\/b> gemacht werden <b>.<\/b><\/p>\n<p>Das hei\u00dft, wenn Sie auf &#8222;Jetzt kaufen&#8220; oder \u00e4hnliches klicken, werden Sie auf die Seite weitergeleitet, auf der die Produkte angeboten werden.<\/p>\n<p>In diesem Fall sollten Sie wissen, dass wir nur Links zu den Seiten und\/oder Plattformen dieser Dritten, auf denen die von uns gezeigten Produkte gekauft werden k\u00f6nnen, zur Verf\u00fcgung stellen und erm\u00f6glichen, um die Suche und den einfachen Erwerb dieser Produkte zu erleichtern.<\/p>\n<p>Diese verlinkten Seiten, die Dritten geh\u00f6ren, wurden weder \u00fcberpr\u00fcft noch sind sie Gegenstand von Kontrollen oder Empfehlungen unsererseits. Daher <b>kann<\/b> <strong>Epic Education, SLU<\/strong> in keinem Fall als verantwortlich f\u00fcr den Inhalt dieser Websites, f\u00fcr die Verantwortung, die sich aus ihrer Nutzung in allen Bereichen ergibt, noch f\u00fcr die Ma\u00dfnahmen, die in Bezug auf den Schutz der Privatsph\u00e4re der Nutzer, die Verarbeitung ihrer pers\u00f6nlichen Daten oder andere Ma\u00dfnahmen ergriffen werden, angesehen werden.<\/p>\n<p>Aus all diesen Gr\u00fcnden empfehlen wir Ihnen, alle Nutzungsbedingungen, Kaufbedingungen, Datenschutzrichtlinien, rechtlichen Hinweise und\/oder \u00c4hnliches dieser verlinkten Websites im Voraus sorgf\u00e4ltig zu lesen, bevor Sie mit dem Kauf dieser Produkte oder der Nutzung der Websites fortfahren.<\/p>\n<p><b>GENAUIGKEIT UND WAHRHAFTIGKEIT DER DATEN<\/b><\/p>\n<p>Als Nutzer sind Sie allein f\u00fcr die Richtigkeit und \u00c4nderung der Daten verantwortlich, die Sie an <strong>EPIC Education, SLU<\/strong> senden, und entbinden uns von jeglicher Verantwortung in dieser Hinsicht.<\/p>\n<p>Das hei\u00dft, es liegt in Ihrer Verantwortung, in jedem Fall die Richtigkeit, G\u00fcltigkeit und Authentizit\u00e4t der angegebenen pers\u00f6nlichen Daten zu garantieren und darauf zu reagieren, und Sie verpflichten sich, diese ordnungsgem\u00e4\u00df auf dem neuesten Stand zu halten.<\/p>\n<p>In \u00dcbereinstimmung mit dieser Datenschutzerkl\u00e4rung verpflichten Sie sich, vollst\u00e4ndige und korrekte Angaben im Kontakt- oder Anmeldeformular zu machen.<\/p>\n<p><b>ABBESTELLUNGEN UND WIDERRUFSRECHT<\/b><\/p>\n<p>Als Eigent\u00fcmer der Daten, die Sie uns zur Verf\u00fcgung gestellt haben, k\u00f6nnen Sie Ihre Rechte auf Zugang, Berichtigung, L\u00f6schung und Widerspruch jederzeit aus\u00fcben, indem Sie uns eine E-Mail an <b><a href=\"mailto:info@epicexamprep.com\" target=\"_blank\" rel=\"noopener\"><span class=\"elementor-icon-list-text\">info@epicexamprep.com<\/span><\/a><\/b> senden und eine Fotokopie Ihres Personalausweises als g\u00fcltigen Nachweis beif\u00fcgen.<\/p>\n<p>Ebenso k\u00f6nnen Sie sich jederzeit abmelden, um unseren Newsletter oder andere kommerzielle Mitteilungen nicht mehr zu erhalten, und zwar direkt \u00fcber die gleiche E-Mail, die Sie erhalten haben, oder indem Sie uns eine E-Mail an <a href=\"mailto:info@epicexamprep.com\" target=\"_blank\" rel=\"noopener\"><span class=\"elementor-icon-list-text\">info@epicexamprep.com<\/span><\/a>.  <b><\/b><\/p>\n<p><b>ZUGANG ZU DATEN IM AUFTRAG DRITTER<\/b><\/p>\n<p>Um die f\u00fcr den Betrieb und die Entwicklung der Aktivit\u00e4ten dieser Website unbedingt erforderlichen Dienstleistungen zu erbringen, informieren wir Sie dar\u00fcber, dass wir Daten mit den folgenden Dienstleistern unter deren entsprechenden Datenschutzbedingungen austauschen.<\/p>\n<p>Sie k\u00f6nnen sich darauf verlassen, dass diese Dritten diese Informationen nicht f\u00fcr andere Zwecke verwenden k\u00f6nnen, die in unseren Beziehungen zu ihnen nicht ausdr\u00fccklich im Rahmen der geltenden Vorschriften zum Schutz personenbezogener Daten geregelt sind.<\/p>\n<p>Diese Website wird gehostet von <b><strong>Dinahosting SL<\/strong><\/b>mit der Marke <b><strong>Dinahosting SL &#8211; CIF B15805419<\/strong><\/b>gehostet, das Ihnen Hosting-Dienste anbietet, damit Sie auf unsere Website zugreifen und sie durchsuchen k\u00f6nnen. Sie k\u00f6nnen die Datenschutzbestimmungen und andere rechtliche Aspekte dieses Unternehmens unter folgendem Link einsehen: <b><strong>https:\/\/dinahosting.com\/legal\/proteccion-datos<\/strong><\/b>.   <b><\/b> <\/p>\n<p>Unsere Website verwendet Werbeserver, um die kommerziellen Inhalte, die Sie auf unseren Seiten sehen, zu erm\u00f6glichen. Diese Werbeserver verwenden Cookies, die es ihnen erm\u00f6glichen, Werbeinhalte an die demografischen Profile der Nutzer anzupassen:   <\/p>\n<p><b>Google Analytics:<\/b><\/p>\n<p>Google Analytics ist ein Webanalysedienst, der von Google, Inc. bereitgestellt wird, einem Unternehmen aus Delaware mit Hauptsitz in 1600 Amphitheater Parkway, Mountain View (Kalifornien), CA 94043, Vereinigte Staaten (&#8222;Google&#8220;).<\/p>\n<p>Google Analytics verwendet sog. &#8222;Cookies&#8220;, Textdateien, die auf Ihrem Computer gespeichert werden und die eine Analyse der Benutzung der Website durch Sie erm\u00f6glichen.<\/p>\n<p>Die von dem Cookie erzeugten Informationen \u00fcber Ihre Nutzung der Website (einschlie\u00dflich Ihrer IP-Adresse) werden direkt an Google \u00fcbermittelt und dort gespeichert. Google wird diese Informationen in unserem Auftrag nutzen, um Ihre Nutzung der Website zu verfolgen, Berichte \u00fcber die Website-Aktivit\u00e4ten zu erstellen und andere Dienstleistungen im Zusammenhang mit der Website-Aktivit\u00e4t und Internetnutzung zu erbringen.   <\/p>\n<p>Google wird diese Informationen gegebenenfalls an Dritte \u00fcbertragen, sofern dies gesetzlich vorgeschrieben oder soweit Dritte diese Daten im Auftrag von Google verarbeiten. Google wird Ihre IP-Adresse nicht mit anderen Daten, die es besitzt, in Verbindung bringen.   <\/p>\n<p>Als Nutzer und in Aus\u00fcbung Ihrer Rechte k\u00f6nnen Sie die Verarbeitung von Daten oder Informationen ablehnen, indem Sie die Verwendung von Cookies ablehnen, indem Sie die entsprechenden Einstellungen in Ihrem Browser w\u00e4hlen. Sie sollten jedoch wissen, dass Sie in diesem Fall m\u00f6glicherweise nicht die volle Funktionalit\u00e4t dieser Website nutzen k\u00f6nnen. <\/p>\n<p>Durch die Nutzung dieser Website erkl\u00e4ren Sie sich mit der Bearbeitung der \u00fcber Sie erhobenen Daten durch Google in der zuvor beschriebenen Art und Weise und zu dem zuvor benannten Zweck einverstanden.<\/p>\n<p>Weitere Informationen finden Sie in den Datenschutzbestimmungen von Google unter <a href=\"https:\/\/www.google.com\/intl\/es\/policies\/privacy\/\">https:\/\/www.google.com\/intl\/es\/policies\/privacy\/.<\/a><\/p>\n<p><b>Google Adsense:<\/b><\/p>\n<p>Google, als Partneranbieter, verwendet Cookies, um Anzeigen auf dieser Website zu schalten. Sie k\u00f6nnen die Verwendung des DART-Cookies \u00fcber die Google-Anzeige deaktivieren, indem Sie die Datenschutzbestimmungen des Content-Netzwerks aufrufen: <a href=\"https:\/\/www.google.com\/intl\/es\/policies\/privacy\/\">https:<\/a>\/\/www.google.com\/intl\/es\/policies\/privacy\/.   <\/p>\n<p>Google verwendet Partner-Werbeunternehmen, um Anzeigen zu schalten, wenn Sie unsere Website besuchen. Diese Unternehmen k\u00f6nnen die Informationen, die sie \u00fcber Ihre Besuche auf dieser und anderen Websites sammeln (dies schlie\u00dft nicht Ihren Namen, Ihre Adresse, E-Mail-Adresse oder Telefonnummer ein), verwenden, um Ihnen Werbung f\u00fcr Waren und Dienstleistungen anzubieten, die Sie interessieren.   <\/p>\n<p>Durch die Nutzung dieser Website erkl\u00e4ren Sie sich mit der Bearbeitung der \u00fcber Sie erhobenen Daten durch Google in der zuvor beschriebenen Art und Weise und zu dem zuvor benannten Zweck einverstanden.<\/p>\n<p>Wenn Sie mehr \u00fcber die Verwendung von Cookies und die Praktiken der Datenerfassung sowie die Verfahren zur Annahme oder Ablehnung von Cookies erfahren m\u00f6chten, lesen Sie bitte unsere COOKIE-POLITIK.<\/p>\n<p><b>SICHERHEITSMASSNAHMEN<\/b><\/p>\n<p>Als Eigent\u00fcmer der Website, <b><strong>Epic Education<\/strong><\/b>SLU hat als Eigent\u00fcmer der Website alle notwendigen technischen und organisatorischen Ma\u00dfnahmen ergriffen, um die Sicherheit und Integrit\u00e4t der von ihr verarbeiteten personenbezogenen Daten zu gew\u00e4hrleisten sowie deren Verlust, Ver\u00e4nderung und\/oder Zugriff durch unbefugte Dritte zu verhindern.<\/p>\n<p>Wir erinnern Sie daran, dass Sie f\u00fcr weitere Informationen unsere Seiten <b>Rechtliche Hinweise<\/b> und <b>Cookies Policy<\/b> konsultieren k\u00f6nnen.<\/p>\n\t\t\t\t\t\t\t\t<\/div>\n\t\t\t\t\t<\/div>\n\t\t\t\t<\/div>\n\t\t\t\t<\/div>\n\t\t","protected":false},"excerpt":{"rendered":"<p>DATENSCHUTZPOLITIK Wenn Sie hier sind, dann deshalb, weil Sie mehr \u00fcber die Pflichten und Rechte wissen m\u00f6chten, die Ihnen als Nutzer dieser Website zustehen epicexamprep.com und das ist sehr gut so. Es ist unsere Pflicht, Sie zu informieren, und Ihre, ordnungsgem\u00e4\u00df informiert zu werden. In dieser Datenschutzerkl\u00e4rung informieren wir Sie in aller Transparenz \u00fcber den [&hellip;]<\/p>\n","protected":false},"author":5,"featured_media":0,"parent":0,"menu_order":0,"comment_status":"closed","ping_status":"open","template":"elementor_header_footer","meta":{"footnotes":""},"class_list":["post-26330","page","type-page","status-publish","hentry"],"yoast_head":"<!-- This site is optimized with the Yoast SEO plugin v26.8 - https:\/\/yoast.com\/product\/yoast-seo-wordpress\/ -->\n<title>Datenschutzbestimmungen - EPIC Prep<\/title>\n<meta name=\"description\" content=\"\u2713\" \/>\n<meta name=\"robots\" content=\"noindex, nofollow\" \/>\n<meta property=\"og:locale\" content=\"de_DE\" \/>\n<meta property=\"og:type\" content=\"article\" \/>\n<meta property=\"og:title\" content=\"Datenschutzbestimmungen - EPIC Prep\" \/>\n<meta property=\"og:description\" content=\"\u2713\" \/>\n<meta property=\"og:url\" content=\"https:\/\/epicexamprep.com\/de\/datenschutzbestimmungen\/\" \/>\n<meta property=\"og:site_name\" content=\"EPIC PREP\" \/>\n<meta property=\"article:modified_time\" content=\"2025-12-04T13:04:31+00:00\" \/>\n<meta name=\"twitter:card\" content=\"summary_large_image\" \/>\n<meta name=\"twitter:label1\" content=\"Gesch\u00e4tzte Lesezeit\" \/>\n\t<meta name=\"twitter:data1\" content=\"8\u00a0Minuten\" \/>\n<!-- \/ Yoast SEO plugin. -->","yoast_head_json":{"title":"Datenschutzbestimmungen - EPIC Prep","description":"\u2713","robots":{"index":"noindex","follow":"nofollow"},"og_locale":"de_DE","og_type":"article","og_title":"Datenschutzbestimmungen - EPIC Prep","og_description":"\u2713","og_url":"https:\/\/epicexamprep.com\/de\/datenschutzbestimmungen\/","og_site_name":"EPIC PREP","article_modified_time":"2025-12-04T13:04:31+00:00","twitter_card":"summary_large_image","twitter_misc":{"Gesch\u00e4tzte Lesezeit":"8\u00a0Minuten"},"schema":{"@context":"https:\/\/schema.org","@graph":[{"@type":"WebPage","@id":"https:\/\/epicexamprep.com\/de\/datenschutzbestimmungen\/","url":"https:\/\/epicexamprep.com\/de\/datenschutzbestimmungen\/","name":"Datenschutzbestimmungen - EPIC Prep","isPartOf":{"@id":"https:\/\/epicexamprep.com\/#website"},"datePublished":"2021-10-14T13:46:36+00:00","dateModified":"2025-12-04T13:04:31+00:00","description":"\u2713","breadcrumb":{"@id":"https:\/\/epicexamprep.com\/de\/datenschutzbestimmungen\/#breadcrumb"},"inLanguage":"de","potentialAction":[{"@type":"ReadAction","target":["https:\/\/epicexamprep.com\/de\/datenschutzbestimmungen\/"]}]},{"@type":"BreadcrumbList","@id":"https:\/\/epicexamprep.com\/de\/datenschutzbestimmungen\/#breadcrumb","itemListElement":[{"@type":"ListItem","position":1,"name":"Portada","item":"https:\/\/epicexamprep.com\/de\/"},{"@type":"ListItem","position":2,"name":"Datenschutzbestimmungen"}]},{"@type":"WebSite","@id":"https:\/\/epicexamprep.com\/#website","url":"https:\/\/epicexamprep.com\/","name":"EPIC PREP","description":"Comprometidos con tus objetivos","publisher":{"@id":"https:\/\/epicexamprep.com\/#organization"},"potentialAction":[{"@type":"SearchAction","target":{"@type":"EntryPoint","urlTemplate":"https:\/\/epicexamprep.com\/?s={search_term_string}"},"query-input":{"@type":"PropertyValueSpecification","valueRequired":true,"valueName":"search_term_string"}}],"inLanguage":"de"},{"@type":"Organization","@id":"https:\/\/epicexamprep.com\/#organization","name":"EPIC PREP","url":"https:\/\/epicexamprep.com\/","logo":{"@type":"ImageObject","inLanguage":"de","@id":"https:\/\/epicexamprep.com\/#\/schema\/logo\/image\/","url":"https:\/\/epicexamprep.com\/wp-content\/uploads\/2023\/02\/EPIC_LOGO_COLOR-1.svg","contentUrl":"https:\/\/epicexamprep.com\/wp-content\/uploads\/2023\/02\/EPIC_LOGO_COLOR-1.svg","width":1,"height":1,"caption":"EPIC PREP"},"image":{"@id":"https:\/\/epicexamprep.com\/#\/schema\/logo\/image\/"}}]}},"_links":{"self":[{"href":"https:\/\/epicexamprep.com\/de\/wp-json\/wp\/v2\/pages\/26330","targetHints":{"allow":["GET"]}}],"collection":[{"href":"https:\/\/epicexamprep.com\/de\/wp-json\/wp\/v2\/pages"}],"about":[{"href":"https:\/\/epicexamprep.com\/de\/wp-json\/wp\/v2\/types\/page"}],"author":[{"embeddable":true,"href":"https:\/\/epicexamprep.com\/de\/wp-json\/wp\/v2\/users\/5"}],"replies":[{"embeddable":true,"href":"https:\/\/epicexamprep.com\/de\/wp-json\/wp\/v2\/comments?post=26330"}],"version-history":[{"count":3,"href":"https:\/\/epicexamprep.com\/de\/wp-json\/wp\/v2\/pages\/26330\/revisions"}],"predecessor-version":[{"id":26506,"href":"https:\/\/epicexamprep.com\/de\/wp-json\/wp\/v2\/pages\/26330\/revisions\/26506"}],"wp:attachment":[{"href":"https:\/\/epicexamprep.com\/de\/wp-json\/wp\/v2\/media?parent=26330"}],"curies":[{"name":"wp","href":"https:\/\/api.w.org\/{rel}","templated":true}]}}