{"id":26072,"date":"2021-10-16T15:24:59","date_gmt":"2021-10-16T13:24:59","guid":{"rendered":"https:\/\/epicexamprep.com\/rechtlicher-hinweis\/"},"modified":"2025-12-04T13:37:42","modified_gmt":"2025-12-04T12:37:42","slug":"rechtlicher-hinweis","status":"publish","type":"page","link":"https:\/\/epicexamprep.com\/de\/rechtlicher-hinweis\/","title":{"rendered":"Rechtlicher Hinweis"},"content":{"rendered":"\t\t<div data-elementor-type=\"wp-page\" data-elementor-id=\"26072\" class=\"elementor elementor-26072 elementor-19922\" data-elementor-post-type=\"page\">\n\t\t\t\t\t\t<section class=\"elementor-section elementor-top-section elementor-element elementor-element-83c3299 elementor-section-boxed elementor-section-height-default elementor-section-height-default\" data-id=\"83c3299\" data-element_type=\"section\">\n\t\t\t\t\t\t<div class=\"elementor-container elementor-column-gap-default\">\n\t\t\t\t\t<div class=\"elementor-column elementor-col-100 elementor-top-column elementor-element elementor-element-08780a7\" data-id=\"08780a7\" data-element_type=\"column\">\n\t\t\t<div class=\"elementor-widget-wrap elementor-element-populated\">\n\t\t\t\t\t\t<div class=\"elementor-element elementor-element-0a23144 elementor-widget elementor-widget-heading\" data-id=\"0a23144\" data-element_type=\"widget\" data-widget_type=\"heading.default\">\n\t\t\t\t\t<h2 class=\"elementor-heading-title elementor-size-default\">RECHTLICHER HINWEIS<\/h2>\t\t\t\t<\/div>\n\t\t\t\t<div class=\"elementor-element elementor-element-f2b704f elementor-widget elementor-widget-text-editor\" data-id=\"f2b704f\" data-element_type=\"widget\" data-widget_type=\"text-editor.default\">\n\t\t\t\t\t\t\t\t\t<p>Mit diesem rechtlichen Hinweis m\u00f6chten wir Sie \u00fcber Ihre Rechte und Pflichten als Nutzer dieser Website informieren. Hier finden Sie alle Informationen, die Sie \u00fcber diese Website, ihre Aktivit\u00e4ten, die von ihr erfassten personenbezogenen Daten und ihren Zweck ben\u00f6tigen, sowie die Nutzungsregeln, die die Nutzung dieser Website regeln.   <\/p><p>In dem Moment, in dem Sie auf diese Website <strong>https:\/\/epicexamprep.com<\/strong> zugreifen<b>,<\/b> gehen Sie von der Benutzereigenschaft aus, so dass der Inhalt dieses rechtlichen Hinweises Sie direkt betrifft. Daher ist es wichtig, dass Sie ihn lesen, um eventuelle Zweifel zu zerstreuen und sich \u00fcber die Bedingungen, die Sie akzeptieren, zu informieren.   <\/p><p>Zun\u00e4chst sollten Sie wissen, dass diese Website die geltenden Datenschutzbestimmungen einh\u00e4lt, um Ihnen die Garantien, die Sicherheit und die Transparenz zu bieten, die Ihnen als Nutzer bei der Nutzung dieser Website zustehen.<\/p><p>Die <b>DSGVO <\/b><b>(Verordnung (EU) 2016\/679 des Europ\u00e4ischen Parlaments und des Rates vom 27. April 2016 zum Schutz nat\u00fcrlicher Personen<\/b>) ist die neue Verordnung der Europ\u00e4ischen Union, die die Verarbeitung personenbezogener Daten in den verschiedenen EU-L\u00e4ndern einheitlich regelt.<\/p><p>Das <b>LOPDGDD <\/b><b>(Organgesetz 3\/2018 vom 3. Dezember \u00fcber den Schutz personenbezogener Daten<\/b> und der <b>k\u00f6nigliche Erlass 1720\/2007 vom 21. Dezember, die Verordnung \u00fcber die Entwicklung des LOPD<\/b>), das die Verarbeitung personenbezogener Daten und die Verpflichtungen regelt, die wir als Verantwortliche f\u00fcr eine Website oder einen Blog bei der Verwaltung dieser Informationen \u00fcbernehmen m\u00fcssen.<\/p><p>Das <b>LSSI <\/b><b>(Gesetz 34\/2002 vom 11. Juli 2002 \u00fcber die Dienste der Informationsgesellschaft und den elektronischen Handel<\/b>), das die wirtschaftlichen Transaktionen auf elektronischem Wege regelt, wie es auch bei diesem Blog der Fall ist.<\/p><p><b>IDENTIFIKATIONSDATEN<\/b><\/p><p>Der Eigent\u00fcmer und Betreiber dieser Website ist<strong> EPIC Education.<\/strong><\/p><ul><li><b>Name<\/b>: Epische Bildung, SLU<\/li><li><b>Steuerliche Id:<\/b> L-717539-S<\/li><li><b>Eingetragener Sitz:<\/b> Callaueta 8, 1r 3ra, AD500 Andorra la Vella, Adorra<\/li><li><b>Website-Aktivit\u00e4ten:<\/b> Verbreitung von Inhalten in Bezug auf<strong> epicexamprep.com<\/strong>, Anzeige von Werbung und Empfehlung von Partnerprodukten.<\/li><li><b>E-Mail<\/b>: <a href=\"mailto:info@epicexamprep.com\" target=\"_blank\" rel=\"noopener\"><span class=\"elementor-icon-list-text\">info@epicexamprep.com<\/span><\/a><\/li><\/ul><p>Los datos que nos facilites con tu consentimiento, y de acuerdo al uso establecido en nuestra Pol\u00edtica de Privacidad, ser\u00e1n incorporados a un fichero automatizado, en el que el responsable de dicho fichero es: <strong>Epic Education, SLU<\/strong><b>. <\/b>Esto quiere decir que tus datos est\u00e1n seguros, de acuerdo a lo que establece la ley.<\/p><p><b>REGELN F\u00dcR DEN ZUGRIFF AUF DIE WEBSITE<\/b><\/p><p>Als Nutzer unserer Website haben Sie auch eine Reihe von Verpflichtungen:<\/p><p>Sie d\u00fcrfen diese Website nicht f\u00fcr Aktivit\u00e4ten nutzen, die gegen das Gesetz, die Moral oder die \u00f6ffentliche Ordnung versto\u00dfen, und sie im Allgemeinen nicht in \u00dcbereinstimmung mit den in diesen rechtlichen Hinweisen genannten Bedingungen nutzen.<\/p><p>Sie d\u00fcrfen keine Werbung oder kommerzielle Aktivit\u00e4ten betreiben, indem Sie Nachrichten mit einer falschen Identit\u00e4t versenden.<\/p><p>Sie sind allein verantwortlich f\u00fcr die Wahrhaftigkeit und Richtigkeit der von Ihnen auf dieser Website eingegebenen Inhalte und der pers\u00f6nlichen Daten, die Sie f\u00fcr die in unserer Datenschutzrichtlinie genannten Zwecke bereitstellen.<\/p><p>Sie sind auch allein verantwortlich f\u00fcr jede Art von illegalen, sch\u00e4dlichen, nachteiligen und\/oder sch\u00e4digenden Handlungen auf den Websites Dritter, auf die wir Sie von dieser Website aus f\u00fcr die Entwicklung unserer T\u00e4tigkeit verweisen k\u00f6nnen.<\/p><p>Als Verantwortlicher f\u00fcr die Website kann <strong>Epic Education, SLU<\/strong> den Dienst der vom Benutzer genutzten Seite unterbrechen und die Beziehung sofort beenden, wenn es eine Nutzung der Website oder eines der darin angebotenen Dienste feststellt, die als Versto\u00df gegen die Bestimmungen dieses rechtlichen Hinweises angesehen werden kann.<\/p><p><b>GEISTIGES UND GEWERBLICHES EIGENTUM<\/b><\/p><p>Die Gesamtheit dieser Website (Texte, Bilder, Marken, Grafiken, Logos, Schaltfl\u00e4chen, Softwaredateien, Farbkombinationen sowie die Struktur, Auswahl, Anordnung und Pr\u00e4sentation ihrer Inhalte) ist durch die geltenden Gesetze zum Schutz des geistigen und gewerblichen Eigentums gesch\u00fctzt, und ihre Vervielf\u00e4ltigung, Verbreitung, \u00f6ffentliche Bekanntmachung und Umwandlung, au\u00dfer f\u00fcr den pers\u00f6nlichen und privaten Gebrauch, ist verboten.<\/p><p>Als Eigent\u00fcmer dieser Website, <b><strong>Epic Education, SLU<\/strong><\/b> keine Garantie daf\u00fcr, dass die Inhalte korrekt oder fehlerfrei sind oder dass die freie Nutzung der Inhalte durch die Nutzer nicht die Rechte Dritter verletzt. Die gute oder schlechte Nutzung dieser Seite und ihrer Inhalte liegt in der Verantwortung des Nutzers.   <\/p><p>Ebenso ist es verboten, die auf der Seite enthaltenen Informationen ganz oder teilweise zu vervielf\u00e4ltigen, weiterzuleiten, zu kopieren, zu \u00fcbertragen oder weiterzuverbreiten, unabh\u00e4ngig von ihrem Zweck und den daf\u00fcr verwendeten Mitteln, ohne vorherige Genehmigung von <strong>Epic Education, SLU.<\/strong><\/p><p><b>LINKS<\/b><\/p><p>Diese Website enth\u00e4lt Links zu Websites von Dritten. Die Seiten dieser Dritten wurden nicht \u00fcberpr\u00fcft und unterliegen nicht unserer Kontrolle. Daher kann<strong> Epic Education, SLU<\/strong> weder f\u00fcr den Inhalt dieser Websites noch f\u00fcr die Ma\u00dfnahmen, die in Bezug auf Ihre Privatsph\u00e4re oder die Verarbeitung Ihrer pers\u00f6nlichen Daten oder anderer Daten ergriffen werden, verantwortlich gemacht werden.   <\/p><p>Wir empfehlen Ihnen daher, die Nutzungsbedingungen, Datenschutzrichtlinien, rechtlichen Hinweise und\/oder \u00e4hnliche Hinweise dieser Websites sorgf\u00e4ltig zu lesen.<\/p><p><b>AMAZON-PARTNERLINKS<\/b><\/p><p>Diese Website verwendet im Einklang mit ihrem Zweck Amazon Affiliate Links.<\/p><p>Das bedeutet, dass Sie Links zu Amazon-Produkten finden, auf die Sie direkt von unserer Website aus zugreifen k\u00f6nnen, dass aber in Ihrem Fall der Kauf bei Amazon zu den dortigen Bedingungen get\u00e4tigt wird.<\/p><p><b>BESCHR\u00c4NKUNG DER HAFTUNG<\/b><\/p><p>In Aus\u00fcbung seines Rechts als Eigent\u00fcmer dieser Website informieren wir Sie, dass <strong>Epic Education, SLU<\/strong> in keinem Fall f\u00fcr das Folgende verantwortlich<b> ist<\/b>:<\/p><p>En ejercicio de su derecho como titular de este sitio web, le informamos que Epic Education, SLU no se hace responsable en ning\u00fan caso de lo siguiente:<\/p><p>Die Existenz von Viren, Malware, b\u00f6sartigen oder sch\u00e4dlichen Programmen in den Inhalten.<\/p><p>Illegal, fahrl\u00e4ssig, betr\u00fcgerisch oder im Widerspruch zu diesen rechtlichen Hinweisen.<\/p><p>Die mangelnde Rechtm\u00e4\u00dfigkeit, Qualit\u00e4t, Zuverl\u00e4ssigkeit, N\u00fctzlichkeit und Verf\u00fcgbarkeit der von Dritten angebotenen und den Nutzern auf dieser Website zur Verf\u00fcgung gestellten Dienste.<\/p><p>F\u00fcr Sch\u00e4den, die durch die illegale oder unsachgem\u00e4\u00dfe Nutzung dieses Blogs entstehen k\u00f6nnen.<br><\/p><p><b>POLITIK ZUM SCHUTZ DER PRIVATSPH\u00c4RE UND ZUM DATENSCHUTZ<\/b><\/p><p>Diese Website entspricht den geltenden Datenschutzbestimmungen, was bedeutet, dass Sie als Nutzer Ihre ausdr\u00fcckliche Zustimmung geben m\u00fcssen, bevor Sie uns \u00fcber die verschiedenen Formulare, die in den Bereichen unserer Seite zur Verf\u00fcgung gestellt werden, pers\u00f6nliche Daten \u00fcbermitteln.<\/p><p>Um dies zu tun, ist es im Sinne der Transparenz und der Aus\u00fcbung Ihres Rechts unsere Pflicht, Sie dar\u00fcber zu informieren, welche personenbezogenen Daten wir zu welchen Zwecken erheben, speichern und verarbeiten, wobei Sie die M\u00f6glichkeit haben, Ihre Einwilligung jederzeit frei zu widerrufen.<br><br> <br> <br><\/p><p>Alle diese Informationen finden Sie in unserer <b>PRIVACY POLICY.<\/b><\/p><p><b>COOKIE-POLITIK<br><\/b><\/p><p>Wie wir Ihnen mitteilen, sobald Sie auf unsere Website zugreifen, verwendet diese Website eigene Cookies und Cookies von Drittanbietern mit dem Ziel, Ihnen die beste Benutzererfahrung zu bieten und unsere Aktivit\u00e4ten zu entwickeln.<br><br> <br> <br><\/p><p>Sie haben jederzeit die M\u00f6glichkeit, Ihren Browser so zu konfigurieren, dass er die Verwendung dieser Cookies ablehnt, was in einigen F\u00e4llen Ihre Benutzererfahrung beeintr\u00e4chtigen kann.<br><br> <br> <br><\/p><p>Um vollst\u00e4ndige Informationen \u00fcber die Verwendung von Cookies auf dieser Website, ihren Zweck und ihre Ablehnung zu erhalten, k\u00f6nnen Sie unsere <b>COOKIE POLICY<\/b> einsehen <b>.<\/b><\/p><p><b>ANWENDBARES RECHT UND ZUST\u00c4NDIGE GERICHTSBARKEIT<br><\/b><\/p><p>Dieser rechtliche Hinweis unterliegt der aktuellen andorranischen Gesetzgebung.<br><\/p><p>Falls erforderlich, unterwerfen sich <strong>Epic Education, SLU<\/strong> und der Nutzer unter ausdr\u00fccklichem Verzicht auf einen anderen Gerichtsstand den Gerichten und Tribunalen des Wohnsitzes des Nutzers f\u00fcr jede Art von Rechtsstreitigkeiten, die entstehen k\u00f6nnten.<\/p><p>F\u00fcr den Fall, dass der Nutzer seinen Wohnsitz au\u00dferhalb Andorras hat, unterwerfen sich <strong>Epic Education<\/strong> <b>und <\/b>der Nutzer unter ausdr\u00fccklichem Verzicht auf jede andere Zust\u00e4ndigkeit den Gerichten und Tribunalen von Andorra La Vella (Andorra).<br><br><br><br><\/p><p>Wenn Sie Fragen zu diesen rechtlichen Hinweisen haben, k\u00f6nnen Sie uns eine E-Mail schicken an <a href=\"mailto:info@epicexamprep.com\" target=\"_blank\" rel=\"noopener\"><span class=\"elementor-icon-list-text\">info@epicexamprep.com<\/span><\/a>.<\/p>\t\t\t\t\t\t\t\t<\/div>\n\t\t\t\t\t<\/div>\n\t\t<\/div>\n\t\t\t\t\t<\/div>\n\t\t<\/section>\n\t\t\t\t<\/div>\n\t\t","protected":false},"excerpt":{"rendered":"<p>RECHTLICHER HINWEIS Mit diesem rechtlichen Hinweis m\u00f6chten wir Sie \u00fcber Ihre Rechte und Pflichten als Nutzer dieser Website informieren. Hier finden Sie alle Informationen, die Sie \u00fcber diese Website, ihre Aktivit\u00e4ten, die von ihr erfassten personenbezogenen Daten und ihren Zweck ben\u00f6tigen, sowie die Nutzungsregeln, die die Nutzung dieser Website regeln. In dem Moment, in dem [&hellip;]<\/p>\n","protected":false},"author":5,"featured_media":0,"parent":0,"menu_order":0,"comment_status":"closed","ping_status":"closed","template":"elementor_header_footer","meta":{"footnotes":""},"class_list":["post-26072","page","type-page","status-publish","hentry"],"yoast_head":"<!-- This site is optimized with the Yoast SEO plugin v26.8 - https:\/\/yoast.com\/product\/yoast-seo-wordpress\/ -->\n<title>\u25b7Rechtlicher Hinweis - \u3010EPIC PREP\u3011<\/title>\n<meta name=\"description\" content=\"\u2713\" \/>\n<meta name=\"robots\" content=\"noindex, nofollow\" \/>\n<meta property=\"og:locale\" content=\"de_DE\" \/>\n<meta property=\"og:type\" content=\"article\" \/>\n<meta property=\"og:title\" content=\"\u25b7Rechtlicher Hinweis - \u3010EPIC PREP\u3011\" \/>\n<meta property=\"og:description\" content=\"\u2713\" \/>\n<meta property=\"og:url\" content=\"https:\/\/epicexamprep.com\/de\/rechtlicher-hinweis\/\" \/>\n<meta property=\"og:site_name\" content=\"EPIC PREP\" \/>\n<meta property=\"article:modified_time\" content=\"2025-12-04T12:37:42+00:00\" \/>\n<meta name=\"twitter:card\" content=\"summary_large_image\" \/>\n<meta name=\"twitter:label1\" content=\"Gesch\u00e4tzte Lesezeit\" \/>\n\t<meta name=\"twitter:data1\" content=\"6\u00a0Minuten\" \/>\n<!-- \/ Yoast SEO plugin. -->","yoast_head_json":{"title":"\u25b7Rechtlicher Hinweis - \u3010EPIC PREP\u3011","description":"\u2713","robots":{"index":"noindex","follow":"nofollow"},"og_locale":"de_DE","og_type":"article","og_title":"\u25b7Rechtlicher Hinweis - \u3010EPIC PREP\u3011","og_description":"\u2713","og_url":"https:\/\/epicexamprep.com\/de\/rechtlicher-hinweis\/","og_site_name":"EPIC PREP","article_modified_time":"2025-12-04T12:37:42+00:00","twitter_card":"summary_large_image","twitter_misc":{"Gesch\u00e4tzte Lesezeit":"6\u00a0Minuten"},"schema":{"@context":"https:\/\/schema.org","@graph":[{"@type":"WebPage","@id":"https:\/\/epicexamprep.com\/de\/rechtlicher-hinweis\/","url":"https:\/\/epicexamprep.com\/de\/rechtlicher-hinweis\/","name":"\u25b7Rechtlicher Hinweis - \u3010EPIC PREP\u3011","isPartOf":{"@id":"https:\/\/epicexamprep.com\/#website"},"datePublished":"2021-10-16T13:24:59+00:00","dateModified":"2025-12-04T12:37:42+00:00","description":"\u2713","breadcrumb":{"@id":"https:\/\/epicexamprep.com\/de\/rechtlicher-hinweis\/#breadcrumb"},"inLanguage":"de","potentialAction":[{"@type":"ReadAction","target":["https:\/\/epicexamprep.com\/de\/rechtlicher-hinweis\/"]}]},{"@type":"BreadcrumbList","@id":"https:\/\/epicexamprep.com\/de\/rechtlicher-hinweis\/#breadcrumb","itemListElement":[{"@type":"ListItem","position":1,"name":"Portada","item":"https:\/\/epicexamprep.com\/de\/"},{"@type":"ListItem","position":2,"name":"Rechtlicher Hinweis"}]},{"@type":"WebSite","@id":"https:\/\/epicexamprep.com\/#website","url":"https:\/\/epicexamprep.com\/","name":"EPIC PREP","description":"Comprometidos con tus objetivos","publisher":{"@id":"https:\/\/epicexamprep.com\/#organization"},"potentialAction":[{"@type":"SearchAction","target":{"@type":"EntryPoint","urlTemplate":"https:\/\/epicexamprep.com\/?s={search_term_string}"},"query-input":{"@type":"PropertyValueSpecification","valueRequired":true,"valueName":"search_term_string"}}],"inLanguage":"de"},{"@type":"Organization","@id":"https:\/\/epicexamprep.com\/#organization","name":"EPIC PREP","url":"https:\/\/epicexamprep.com\/","logo":{"@type":"ImageObject","inLanguage":"de","@id":"https:\/\/epicexamprep.com\/#\/schema\/logo\/image\/","url":"https:\/\/epicexamprep.com\/wp-content\/uploads\/2023\/02\/EPIC_LOGO_COLOR-1.svg","contentUrl":"https:\/\/epicexamprep.com\/wp-content\/uploads\/2023\/02\/EPIC_LOGO_COLOR-1.svg","width":1,"height":1,"caption":"EPIC PREP"},"image":{"@id":"https:\/\/epicexamprep.com\/#\/schema\/logo\/image\/"}}]}},"_links":{"self":[{"href":"https:\/\/epicexamprep.com\/de\/wp-json\/wp\/v2\/pages\/26072","targetHints":{"allow":["GET"]}}],"collection":[{"href":"https:\/\/epicexamprep.com\/de\/wp-json\/wp\/v2\/pages"}],"about":[{"href":"https:\/\/epicexamprep.com\/de\/wp-json\/wp\/v2\/types\/page"}],"author":[{"embeddable":true,"href":"https:\/\/epicexamprep.com\/de\/wp-json\/wp\/v2\/users\/5"}],"replies":[{"embeddable":true,"href":"https:\/\/epicexamprep.com\/de\/wp-json\/wp\/v2\/comments?post=26072"}],"version-history":[{"count":5,"href":"https:\/\/epicexamprep.com\/de\/wp-json\/wp\/v2\/pages\/26072\/revisions"}],"predecessor-version":[{"id":26513,"href":"https:\/\/epicexamprep.com\/de\/wp-json\/wp\/v2\/pages\/26072\/revisions\/26513"}],"wp:attachment":[{"href":"https:\/\/epicexamprep.com\/de\/wp-json\/wp\/v2\/media?parent=26072"}],"curies":[{"name":"wp","href":"https:\/\/api.w.org\/{rel}","templated":true}]}}