{"id":26043,"date":"2021-10-18T07:29:35","date_gmt":"2021-10-18T05:29:35","guid":{"rendered":"https:\/\/epicexamprep.com\/cookie-richtlinie\/"},"modified":"2025-12-04T14:01:42","modified_gmt":"2025-12-04T13:01:42","slug":"cookie-richtlinie","status":"publish","type":"page","link":"https:\/\/epicexamprep.com\/de\/cookie-richtlinie\/","title":{"rendered":"Cookie-Richtlinie"},"content":{"rendered":"\t\t<div data-elementor-type=\"wp-page\" data-elementor-id=\"26043\" class=\"elementor elementor-26043 elementor-19895\" data-elementor-post-type=\"page\">\n\t\t\t\t<div class=\"elementor-element elementor-element-1c112ca e-flex e-con-boxed e-con e-parent\" data-id=\"1c112ca\" data-element_type=\"container\">\n\t\t\t\t\t<div class=\"e-con-inner\">\n\t\t\t\t<div class=\"elementor-element elementor-element-4d56138 elementor-widget elementor-widget-heading\" data-id=\"4d56138\" data-element_type=\"widget\" data-widget_type=\"heading.default\">\n\t\t\t\t\t<h2 class=\"elementor-heading-title elementor-size-default\">COOKIES-POLITIK<\/h2>\t\t\t\t<\/div>\n\t\t\t\t<div class=\"elementor-element elementor-element-4c6ab47 elementor-widget elementor-widget-text-editor\" data-id=\"4c6ab47\" data-element_type=\"widget\" data-widget_type=\"text-editor.default\">\n\t\t\t\t\t\t\t\t\t<p>Wenn Sie mehr \u00fcber die Verwendung von Cookies durch diese Website erfahren m\u00f6chten <a href=\"https:\/\/epicexamprep.com\/en\/\"><strong>epicexamprep.com<\/strong><\/a><b>dann<\/b> sind Sie hier richtig. Im Folgenden erkl\u00e4ren wir Ihnen genau, was Cookies sind, welche Art von Cookies wir zu welchem Zweck verwenden und wie Sie von Ihrem Recht Gebrauch machen k\u00f6nnen, Ihren Browser so zu konfigurieren, dass er die Verwendung von Cookies ablehnt.   <\/p><p>Sie sollten sich jedoch dar\u00fcber im Klaren sein, dass diese Website m\u00f6glicherweise nicht einwandfrei funktioniert, wenn Sie einige Cookies nicht verwenden, was Ihre Benutzerfreundlichkeit beeintr\u00e4chtigen kann.<\/p><p><b>WAS IST EIN COOKIE?<\/b><\/p><p>Ein <i>Cookie<\/i> ist eine Datei, die auf Ihren Computer heruntergeladen wird, wenn Sie bestimmte Webseiten oder Blogs aufrufen.<\/p><p><i>Cookies <\/i> erm\u00f6glichen es dieser Website unter anderem, Informationen \u00fcber Ihre Surfgewohnheiten oder Ihren Computer zu speichern und abzurufen. Je nach den enthaltenen Informationen und der Art und Weise, wie Sie Ihren Computer verwenden, k\u00f6nnen sie dazu verwendet werden, Sie zu erkennen.<\/p><p>Der Browser des Benutzers speichert Cookies auf der Diskette nur w\u00e4hrend der aktuellen Sitzung, um einen kleinen Speicherplatz zu belegen und den Browser nicht zu beeintr\u00e4chtigen. Die Cookies enthalten keine besonderen pers\u00f6nlichen Informationen, und die meisten von ihnen werden nach Beendigung der Browser-Sitzung aus der Diskette entfernt (die so genannten Cookies der Sitzung).   <\/p><p>La mayor\u00eda de los navegadores aceptan como est\u00e1ndar a las cookies y, con independencia de las mismas, permiten o impiden en los ajustes de seguridad las cookies temporales o memorizadas.<\/p><p>Cookies sind mit dem Browser verkn\u00fcpft, nicht mit der Person. Daher speichern sie in der Regel keine sensiblen Informationen \u00fcber Sie wie Kreditkarten- oder Bankdaten, Fotos oder pers\u00f6nliche Informationen usw. Die Daten, die sie speichern, sind technischer Natur, statistisch, pers\u00f6nliche Pr\u00e4ferenzen, Personalisierung von Inhalten usw.   <\/p><p><b>AKZEPTANZ VON COOKIES: AKTUELLE REGELUNGEN<\/b><\/p><p>Wenn Sie auf diese Website zugreifen, informieren wir Sie in \u00dcbereinstimmung mit der geltenden Datenschutzgesetzgebung \u00fcber die Verwendung von Cookies und geben Ihnen die M\u00f6glichkeit, diese ausdr\u00fccklich zu akzeptieren und weitere Informationen \u00fcber diese Cookie-Richtlinie abzurufen.<\/p><p>Sie sollten wissen, dass Sie Ihre Zustimmung zur Verwendung dieser Cookies geben, wenn Sie weiter surfen. Sie k\u00f6nnen jedoch jederzeit Ihre Meinung \u00e4ndern und ihre Verwendung \u00fcber Ihren Browser blockieren.   <\/p><p>Damit Sie sich keine Sorgen machen m\u00fcssen, h\u00e4lt sich diese Website an die geltende Gesetzgebung bez\u00fcglich der Verwendung von Cookies und Ihrer pers\u00f6nlichen Daten:<\/p><p>Die LSSI-CE-Verordnung<b>(Gesetz \u00fcber die Informationsgesellschaft und den elektronischen Handel<\/b>).<\/p><p>Die <b>Datenschutz-Grundverordnung<\/b><b>(Verordnung (EU) 2016\/679 des Europ\u00e4ischen Parlaments und des Rates vom 27. April 2016 zum Schutz nat\u00fcrlicher Personen<\/b>), die die Regulierung der Verarbeitung personenbezogener Daten in den EU-L\u00e4ndern vereinheitlicht.<\/p><p>Diese Cookie-Richtlinie kann jederzeit ge\u00e4ndert werden, um sie an neue Vorschriften oder \u00c4nderungen in unseren Aktivit\u00e4ten anzupassen, wobei stets das gilt, was auf der Website ver\u00f6ffentlicht ist.<\/p><p><b>ARTEN VON COOKIES<\/b><\/p><p>Um Ihnen eine bessere Benutzererfahrung zu bieten, analytische Daten zu erhalten, Informationen \u00fcber Ihre Surfgewohnheiten oder Ihren Computer zu speichern und abzurufen und seine Aktivit\u00e4t zu entwickeln, wird diese Website <a href=\"https:\/\/epicexamprep.com\/en\/\"><strong>epicexamprep.com<\/strong><\/a>eigene Cookies und Cookies von Drittanbietern<b>.<\/b> <\/p><p><b>Welche Arten von Cookies werden auf dieser Website verwendet?<\/b><\/p><ul><li><b>Technische Cookies<\/b>: Sind diejenigen, die es dem Benutzer erm\u00f6glichen, durch eine Webseite, Plattform oder Anwendung zu navigieren und die verschiedenen Optionen oder Dienste zu nutzen, die darin vorhanden sind, wie z.B. die Kontrolle des Datenverkehrs und der Datenkommunikation, die Identifizierung der Sitzung, den Zugriff auf Teile mit eingeschr\u00e4nktem Zugang, die Erinnerung an die Elemente, aus denen eine Bestellung besteht, den Kaufvorgang einer Bestellung, die Anmeldung zur Registrierung oder die Teilnahme an einer Veranstaltung, die Nutzung von Sicherheitsfunktionen beim Surfen, die Speicherung von Inhalten f\u00fcr Video- oder Ton\u00fcbertragungen oder das Teilen von Inhalten \u00fcber soziale Netzwerke.<\/li><\/ul><ul><li><b>Personalisierungs-Cookies<\/b>: Diese erm\u00f6glichen es dem Benutzer, auf den Dienst mit einigen allgemeinen Merkmalen zuzugreifen, die entsprechend einer Reihe von Kriterien im Endger\u00e4t des Benutzers vordefiniert sind, wie z.B. die Sprache, die Art des Browsers, \u00fcber den Sie auf den Dienst zugreifen, die regionale Konfiguration, von der aus Sie auf den Dienst zugreifen, usw.<\/li><\/ul><ul><li><b>Analyse-Cookies<\/b>: Es handelt sich um Cookies, die von uns oder von Dritten behandelt werden und die es uns erm\u00f6glichen, die Anzahl der Nutzer zu quantifizieren und somit die Messung und statistische Analyse der Nutzung des angebotenen Dienstes durch die Nutzer durchzuf\u00fchren. Zu diesem Zweck wird Ihr Surfverhalten auf unserer Website analysiert, um die von uns angebotenen Produkte und Dienstleistungen zu verbessern.   <\/li><\/ul><ul><li><b>Werbe-Cookies<\/b>: Dies sind Cookies, die entweder von uns oder von Dritten behandelt werden und die es uns erm\u00f6glichen, die Bereitstellung von Werbefl\u00e4chen auf der Website so effizient wie m\u00f6glich zu verwalten und den Inhalt der Werbung an den Inhalt des angeforderten Dienstes oder die Nutzung unserer Website durch Sie anzupassen. Zu diesem Zweck k\u00f6nnen wir Ihre Surfgewohnheiten im Internet analysieren und Ihnen Werbung zeigen, die mit Ihrem Surfprofil zusammenh\u00e4ngt.   <\/li><\/ul><ul><li><b>Verhaltensbasierte Werbe-Cookies<\/b>: Diese erm\u00f6glichen eine m\u00f6glichst effiziente Verwaltung der Werbefl\u00e4chen, die der Herausgeber gegebenenfalls auf einer Website, einer Anwendung oder einer Plattform, von der aus der angeforderte Dienst bereitgestellt wird, eingef\u00fcgt hat. Diese Cookies speichern Informationen \u00fcber das Nutzerverhalten, die durch die kontinuierliche Beobachtung der Surfgewohnheiten gewonnen werden und die Entwicklung eines spezifischen Profils erm\u00f6glichen, um darauf basierende Werbung anzuzeigen.   <\/li><\/ul><ul><li><b>Cookies von Dritten<\/b>: Diese Website <a href=\"https:\/\/epicexamprep.com\/en\/\"><strong>epicexamprep.com<\/strong><\/a>kann im Auftrag von Google Dienste von Drittanbietern nutzen, um Informationen zu statistischen Zwecken, zur Nutzung der Website durch den Nutzer und zur Erbringung anderer Dienstleistungen im Zusammenhang mit der Aktivit\u00e4t der Website und anderer Internetdienste zu sammeln.<\/li><\/ul><p>Diese Website benutzt insbesondere Google Analytics, einen Webanalysedienst der Google Inc. mit Sitz in den Vereinigten Staaten, 1600 Amphitheatre Parkway, Mountain View, California 94043. Um diese Dienste bereitzustellen, verwendet Google Cookies, die Informationen sammeln, einschlie\u00dflich der IP-Adresse des Nutzers, die an Google \u00fcbertragen, verarbeitet und gespeichert werden, und zwar unter den auf der Website Google.com festgelegten Bedingungen. Dies schlie\u00dft die m\u00f6gliche \u00dcbermittlung dieser Informationen an Dritte ein, wenn dies gesetzlich vorgeschrieben ist oder wenn diese Dritten die Informationen im Auftrag von Google verarbeiten.    <\/p><p><strong>DIE VERWENDUNG VON COOKIES VERWALTEN UND ABLEHNEN<\/strong><\/p><p>Sie k\u00f6nnen Ihre Browser-Einstellungen jederzeit anpassen, um die Verwendung von Cookies zu verwalten, abzulehnen und benachrichtigt zu werden, bevor sie heruntergeladen werden.<\/p><p>Sie k\u00f6nnen Ihren Browser auch so einstellen, dass er alle <i>Cookies<\/i> oder nur <i>Cookies<\/i> von Drittanbietern ablehnt. Und Sie k\u00f6nnen auch alle <i>Cookies<\/i> l\u00f6schen, die sich bereits auf Ihrem Computer befinden.   <\/p><p>Dabei m\u00fcssen Sie ber\u00fccksichtigen, dass Sie die Konfiguration jedes Browsers und jedes Computers, den Sie verwenden, separat anpassen m\u00fcssen, da, wie wir bereits erw\u00e4hnt haben, Cookies mit dem Browser und nicht mit der Person verbunden sind.<\/p><p><a href=\"https:\/\/support.google.com\/chrome\/answer\/95647?hl=es-419\" target=\"_blank\" rel=\"noopener\"><b>Google Chrome<\/b><\/a><\/p><p><a href=\"https:\/\/support.microsoft.com\/es-es\/help\/17442\/windows-internet-explorer-delete-manage-cookies#ie=ie-10\" target=\"_blank\" rel=\"noopener\"><b>Internet Explorer<\/b><\/a><\/p><p><a href=\"https:\/\/support.mozilla.org\/es\/kb\/habilitar-y-deshabilitar-cookies-sitios-web-rastrear-preferencias?redirectlocale=es&amp;redirectslug=habilitar-y-deshabilitar-cookies-que-los-sitios-we\" target=\"_blank\" rel=\"noopener\"><b>Mozilla Firefox<\/b><\/a><\/p><p><a href=\"https:\/\/support.apple.com\/es-es\/HT201265\" target=\"_blank\" rel=\"noopener\"><b>Apple Safari<\/b><\/a><\/p><p>Wenn Sie Fragen zu dieser Cookie-Richtlinie haben, k\u00f6nnen Sie uns eine E-Mail schicken an <a href=\"mailto:info@epicexamprep.com\" target=\"_blank\" rel=\"noopener\"><span class=\"elementor-icon-list-text\">info@epicexamprep.com<\/span><\/a>.<\/p>\t\t\t\t\t\t\t\t<\/div>\n\t\t\t\t\t<\/div>\n\t\t\t\t<\/div>\n\t\t\t\t<\/div>\n\t\t","protected":false},"excerpt":{"rendered":"<p>COOKIES-POLITIK Wenn Sie mehr \u00fcber die Verwendung von Cookies durch diese Website erfahren m\u00f6chten epicexamprep.comdann sind Sie hier richtig. Im Folgenden erkl\u00e4ren wir Ihnen genau, was Cookies sind, welche Art von Cookies wir zu welchem Zweck verwenden und wie Sie von Ihrem Recht Gebrauch machen k\u00f6nnen, Ihren Browser so zu konfigurieren, dass er die Verwendung [&hellip;]<\/p>\n","protected":false},"author":5,"featured_media":0,"parent":0,"menu_order":0,"comment_status":"closed","ping_status":"closed","template":"","meta":{"footnotes":""},"class_list":["post-26043","page","type-page","status-publish","hentry"],"yoast_head":"<!-- This site is optimized with the Yoast SEO plugin v26.8 - https:\/\/yoast.com\/product\/yoast-seo-wordpress\/ -->\n<title>Cookie-Richtlinie -\u3010EPIC PREP\u3011<\/title>\n<meta name=\"description\" content=\"\u2713\" \/>\n<meta name=\"robots\" content=\"noindex, nofollow\" \/>\n<meta property=\"og:locale\" content=\"de_DE\" \/>\n<meta property=\"og:type\" content=\"article\" \/>\n<meta property=\"og:title\" content=\"Cookie-Richtlinie -\u3010EPIC PREP\u3011\" \/>\n<meta property=\"og:description\" content=\"\u2713\" \/>\n<meta property=\"og:url\" content=\"https:\/\/epicexamprep.com\/de\/cookie-richtlinie\/\" \/>\n<meta property=\"og:site_name\" content=\"EPIC PREP\" \/>\n<meta property=\"article:modified_time\" content=\"2025-12-04T13:01:42+00:00\" \/>\n<meta name=\"twitter:card\" content=\"summary_large_image\" \/>\n<meta name=\"twitter:label1\" content=\"Gesch\u00e4tzte Lesezeit\" \/>\n\t<meta name=\"twitter:data1\" content=\"5\u00a0Minuten\" \/>\n<!-- \/ Yoast SEO plugin. -->","yoast_head_json":{"title":"Cookie-Richtlinie -\u3010EPIC PREP\u3011","description":"\u2713","robots":{"index":"noindex","follow":"nofollow"},"og_locale":"de_DE","og_type":"article","og_title":"Cookie-Richtlinie -\u3010EPIC PREP\u3011","og_description":"\u2713","og_url":"https:\/\/epicexamprep.com\/de\/cookie-richtlinie\/","og_site_name":"EPIC PREP","article_modified_time":"2025-12-04T13:01:42+00:00","twitter_card":"summary_large_image","twitter_misc":{"Gesch\u00e4tzte Lesezeit":"5\u00a0Minuten"},"schema":{"@context":"https:\/\/schema.org","@graph":[{"@type":"WebPage","@id":"https:\/\/epicexamprep.com\/de\/cookie-richtlinie\/","url":"https:\/\/epicexamprep.com\/de\/cookie-richtlinie\/","name":"Cookie-Richtlinie -\u3010EPIC PREP\u3011","isPartOf":{"@id":"https:\/\/epicexamprep.com\/#website"},"datePublished":"2021-10-18T05:29:35+00:00","dateModified":"2025-12-04T13:01:42+00:00","description":"\u2713","breadcrumb":{"@id":"https:\/\/epicexamprep.com\/de\/cookie-richtlinie\/#breadcrumb"},"inLanguage":"de","potentialAction":[{"@type":"ReadAction","target":["https:\/\/epicexamprep.com\/de\/cookie-richtlinie\/"]}]},{"@type":"BreadcrumbList","@id":"https:\/\/epicexamprep.com\/de\/cookie-richtlinie\/#breadcrumb","itemListElement":[{"@type":"ListItem","position":1,"name":"Portada","item":"https:\/\/epicexamprep.com\/de\/"},{"@type":"ListItem","position":2,"name":"Cookie-Richtlinie"}]},{"@type":"WebSite","@id":"https:\/\/epicexamprep.com\/#website","url":"https:\/\/epicexamprep.com\/","name":"EPIC PREP","description":"Comprometidos con tus objetivos","publisher":{"@id":"https:\/\/epicexamprep.com\/#organization"},"potentialAction":[{"@type":"SearchAction","target":{"@type":"EntryPoint","urlTemplate":"https:\/\/epicexamprep.com\/?s={search_term_string}"},"query-input":{"@type":"PropertyValueSpecification","valueRequired":true,"valueName":"search_term_string"}}],"inLanguage":"de"},{"@type":"Organization","@id":"https:\/\/epicexamprep.com\/#organization","name":"EPIC PREP","url":"https:\/\/epicexamprep.com\/","logo":{"@type":"ImageObject","inLanguage":"de","@id":"https:\/\/epicexamprep.com\/#\/schema\/logo\/image\/","url":"https:\/\/epicexamprep.com\/wp-content\/uploads\/2023\/02\/EPIC_LOGO_COLOR-1.svg","contentUrl":"https:\/\/epicexamprep.com\/wp-content\/uploads\/2023\/02\/EPIC_LOGO_COLOR-1.svg","width":1,"height":1,"caption":"EPIC PREP"},"image":{"@id":"https:\/\/epicexamprep.com\/#\/schema\/logo\/image\/"}}]}},"_links":{"self":[{"href":"https:\/\/epicexamprep.com\/de\/wp-json\/wp\/v2\/pages\/26043","targetHints":{"allow":["GET"]}}],"collection":[{"href":"https:\/\/epicexamprep.com\/de\/wp-json\/wp\/v2\/pages"}],"about":[{"href":"https:\/\/epicexamprep.com\/de\/wp-json\/wp\/v2\/types\/page"}],"author":[{"embeddable":true,"href":"https:\/\/epicexamprep.com\/de\/wp-json\/wp\/v2\/users\/5"}],"replies":[{"embeddable":true,"href":"https:\/\/epicexamprep.com\/de\/wp-json\/wp\/v2\/comments?post=26043"}],"version-history":[{"count":1,"href":"https:\/\/epicexamprep.com\/de\/wp-json\/wp\/v2\/pages\/26043\/revisions"}],"predecessor-version":[{"id":26044,"href":"https:\/\/epicexamprep.com\/de\/wp-json\/wp\/v2\/pages\/26043\/revisions\/26044"}],"wp:attachment":[{"href":"https:\/\/epicexamprep.com\/de\/wp-json\/wp\/v2\/media?parent=26043"}],"curies":[{"name":"wp","href":"https:\/\/api.w.org\/{rel}","templated":true}]}}